{"id":29,"date":"2024-12-24T15:30:30","date_gmt":"2024-12-24T15:30:30","guid":{"rendered":"https:\/\/www.perlaseo.com\/services\/"},"modified":"2025-01-14T19:40:47","modified_gmt":"2025-01-14T19:40:47","slug":"services","status":"publish","type":"page","link":"https:\/\/www.perlaseo.com\/inicio\/services\/","title":{"rendered":"Servicios"},"content":{"rendered":"\n\n\n\n<h1>Nuestros servicios<\/h1>\n\n\n\n\n\n<p>Lorem Ipsum has been the industry&#8217;s standard dummy text ever since the 1500s.<\/p>\n\n\n<br>\n\nEste servicio se realiza cumpliendo estrictamente con las Normas T\u00e9cnicas Colombianas (NTC) y las leyes vigentes en materia de higiene y seguridad.\n\n\n\n<p>Ofrecemos soluciones personalizadas de aseo, acorde a los lineamientos de cada uno de nuestros clientes, generando as\u00ed el mantenimiento de espacios residenciales, comerciales e industriales, asegurando un ambiente limpio, saludable y acogedor.&nbsp;<\/p>\n\n\n\n\nLimpieza profunda de interiores y exteriores.\n\n\nManejo adecuado de residuos acorde a normativas ambientales.\n\n\nUso de insumos biodegradables y seguros para la salud.\n\n\nEquipos especializados para una limpieza eficiente y profesional.\n\n\n\n\n\n\n\n\n<br>\n\n<span lang=\"ES\" style=\"font-size:12.0pt;line-height:\n107%;font-family:&quot;Arial&quot;,sans-serif;mso-fareast-font-family:Calibri;mso-fareast-theme-font:\nminor-latin;mso-ansi-language:ES;mso-fareast-language:EN-US;mso-bidi-language:\nAR-SA\">Nuestros trabajos est\u00e1n alineados con las regulaciones ambientales y\nbuscan preservar la biodiversidad.<\/span>\n\n\n\n\n<p [object NamedNodeMap]><span lang=\"ES\" style=\"font-size:12.0pt;line-height:\n107%;font-family:&quot;Arial&quot;,sans-serif;mso-fareast-font-family:Calibri;mso-fareast-theme-font:\nminor-latin;mso-ansi-language:ES;mso-fareast-language:EN-US;mso-bidi-language:\nAR-SA\">Mantenimiento y dise\u00f1o de \u00e1reas verdes para realzar la est\u00e9tica y<br>funcionalidad de espacios naturales<\/span><span style=\"font-size: 12pt; font-family: Arial, sans-serif;\">, preservando las flores, arboles y otras clases de plantas que mejoran, embellecen y b<\/span><span style=\"font-family: Arial, sans-serif; font-size: 12pt;\">rind\u00e1n a sus espacios comunes color,<br>belleza y vida<\/span>\u00a0<\/p>\n\n\n\n\n\n<span lang=\"ES\" style=\"font-size:12.0pt;line-height:\n107%;font-family:&quot;Arial&quot;,sans-serif;mso-fareast-font-family:Calibri;mso-fareast-theme-font:\nminor-latin;mso-ansi-language:ES;mso-fareast-language:EN-US;mso-bidi-language:\nAR-SA\">Poda y mantenimiento de jardines, c\u00e9sped y \u00e1rboles.&nbsp;&nbsp;<\/span>\n\n\n<span lang=\"ES\" style=\"font-size:12.0pt;line-height:\n107%;font-family:&quot;Arial&quot;,sans-serif;mso-fareast-font-family:Calibri;mso-fareast-theme-font:\nminor-latin;mso-ansi-language:ES;mso-fareast-language:EN-US;mso-bidi-language:\nAR-SA\">Dise\u00f1o, instalaci\u00f3n de jardines decorativos y funcionales.&nbsp;&nbsp;<\/span>\n\n\n<span lang=\"ES\" style=\"font-size:12.0pt;line-height:\n107%;font-family:&quot;Arial&quot;,sans-serif;mso-fareast-font-family:Calibri;mso-fareast-theme-font:\nminor-latin;mso-ansi-language:ES;mso-fareast-language:EN-US;mso-bidi-language:\nAR-SA\">Abonado, control de plagas y riego eficiente.&nbsp;&nbsp;<\/span>\n\n\nEquipos especializados para un mantenimineto eficiente y profesional.\n\n\n\n\n\n\n<p>Lorem Ipsum has been the industry&#8217;s standard dummy text ever since the 1500s.<\/p>\n\n\n\n\n<p>Lorem Ipsum has been the industry&#8217;s standard dummy text ever since the 1500s.<\/p>\n\n\n<br>\n\n<span lang=\"ES\" style=\"font-size:12.0pt;line-height:\n107%;font-family:&quot;Arial&quot;,sans-serif;mso-fareast-font-family:Calibri;mso-fareast-theme-font:\nminor-latin;mso-ansi-language:ES;mso-fareast-language:EN-US;mso-bidi-language:\nAR-SA\">Este servicio cumple con las normativas legales relacionadas con la\ncalidad del agua y las condiciones sanitarias<\/span>.\n\n\n\n<p>Ofrecemos soluciones personalizadas de aseo, acorde a los lineaientos de cada uno de nuestros clientes, generando asi el mantenimiento de espacios residenciales, comerciales e industriales, asegurando un ambiente limpio, saludable y acogedor. .<\/p>\n\n\n\n\n<span lang=\"ES\" style=\"font-size:12.0pt;line-height:\n107%;font-family:&quot;Arial&quot;,sans-serif;mso-fareast-font-family:Calibri;mso-fareast-theme-font:\nminor-latin;mso-ansi-language:ES;mso-fareast-language:EN-US;mso-bidi-language:\nAR-SA\">Limpieza de superficies y filtros<\/span>.\n\n\n<span lang=\"ES\" style=\"font-size:12.0pt;line-height:\n107%;font-family:&quot;Arial&quot;,sans-serif;mso-fareast-font-family:Calibri;mso-fareast-theme-font:\nminor-latin;mso-ansi-language:ES;mso-fareast-language:EN-US;mso-bidi-language:\nAR-SA\">Balance qu\u00edmico del agua para prevenir enfermedades<\/span>.\n\n\n<span lang=\"ES\" style=\"font-size:12.0pt;line-height:\n107%;font-family:&quot;Arial&quot;,sans-serif;mso-fareast-font-family:Calibri;mso-fareast-theme-font:\nminor-latin;mso-ansi-language:ES;mso-fareast-language:EN-US;mso-bidi-language:\nAR-SA\">Revisi\u00f3n de sistemas de bombeo e iluminaci\u00f3n<\/span>\n\n\nUso de insumos especializados para una limpieza eficiente y profesional.\n\n\n\n\n\n\n\n\n<br>\n<span lang=\"ES\" style=\"font-size:12.0pt;line-height:\n107%;font-family:&quot;Arial&quot;,sans-serif;mso-fareast-font-family:Calibri;mso-fareast-theme-font:\nminor-latin;mso-ansi-language:ES;mso-fareast-language:EN-US;mso-bidi-language:\nAR-SA\">Todos nuestros servicios b\u00e1sicos locativos son realizados por personal capacitado y certificados en sus \u00e1reas, garantizando calidad, cumplimiento normativo y satisfacci\u00f3n del cliente.<\/span>\n\n\n\n<p [object NamedNodeMap]>Ofrecemos soluciones integrales en <strong>pintura<\/strong>, <strong>plomer\u00eda<\/strong> y <strong>electricidad<\/strong> para el mantenimiento y mejora de espacios residenciales, comerciales e industriales.\u00a0<\/p>\n\n\n\n\n\n<span style=\"font-family: Arial, sans-serif; font-size: 12pt; text-align: justify;\">Reparaciones\nmenores (pintura, plomer\u00eda, electricidad).<\/span><span style=\"font-family: Arial, sans-serif; font-size: 12pt; font-weight: 400; text-align: justify;\">&nbsp;<\/span><p class=\"MsoNormal\" style=\"text-align:justify\"><span lang=\"ES\" style=\"font-size:\n12.0pt;line-height:107%;font-family:&quot;Arial&quot;,sans-serif;mso-ansi-language:ES\"><o:p><\/o:p><\/span><\/p>\n\n\nEquipos especializados para un mantenimineto eficiente y profesional.\n\n\n\n\n\n\n<p>Lorem Ipsum has been the industry&#8217;s standard dummy text ever since the 1500s.<\/p>\n\n\n\n\n<p>Lorem Ipsum has been the industry&#8217;s standard dummy text ever since the 1500s.<\/p>\n\n\n<br>\n\n<p class=\"MsoNormal\" style=\"text-align:justify\"><span lang=\"ES\" style=\"font-size:\n12.0pt;line-height:107%;font-family:&quot;Arial&quot;,sans-serif;mso-ansi-language:ES\">Todos\nnuestros servicios est\u00e1n dise\u00f1ados para cumplir con las leyes, derechos y\nregulaciones aplicables, garantizando calidad, seguridad y sostenibilidad en\ncada labor realizada.<o:p><\/o:p><\/span><\/p>\n\n\n\n\n<p>Nuestros <strong>servicios especiales<\/strong> est\u00e1n dise\u00f1ados para atender necesidades espec\u00edficas de limpieza, mantenimiento y control en diversos espacios, garantizando resultados profesionales, seguros y sostenibles.<\/p>\n\n\n\n\n\n<font face=\"Arial, sans-serif\">Limpieza de tanques<\/font>\n\n\n<span lang=\"ES\" style=\"font-size:12.0pt;line-height:\n107%;font-family:&quot;Arial&quot;,sans-serif;mso-fareast-font-family:Calibri;mso-fareast-theme-font:\nminor-latin;mso-ansi-language:ES;mso-fareast-language:EN-US;mso-bidi-language:\nAR-SA\">Hidrolavada de pisos<\/span>.\n\n\n<span lang=\"ES\" style=\"font-size:12.0pt;line-height:\n107%;font-family:&quot;Arial&quot;,sans-serif;mso-fareast-font-family:Calibri;mso-fareast-theme-font:\nminor-latin;mso-ansi-language:ES;mso-fareast-language:EN-US;mso-bidi-language:\nAR-SA\">fumigaci\u00f3n&nbsp;<\/span>\n\n\nUso de equipos especializados para un trabajo eficiente y profesional.\n\n\n\n\n\n\n\n\n\n<h6><span style=\"font-size: 40px; text-transform: capitalize;\">Sectores de desempe\u00f1o<\/span><\/h6>\n\n\n<h6>Ofrecemos nuestros servicios especializados en diversos sectores, garantizando calidad, seguridad y cumplimiento normativo<\/h6>\n\n\n\n<p> Mantenimiento integral de \u00e1reas comunes garantizando entornos limpios, seguros y agradables de acuerdo a estandares de calidad.<\/p>\n\n\n\n<p>Servicios que optimizan la funcionalidad y la imagen institucional, cumpliendo con altos est\u00e1ndares de calidad.<\/p>\n\n\n\n\n<p>Aseo y mantenimiento con enfoque en la higiene y bioseguridad para proteger la salud de pacientes y personal.<\/p>\n\n\n\n\n\n\n<p>Soluciones que mejoran la experiencia de clientes y colaboradores en tiendas, centros comerciales y oficinas.<\/p>\n\n\n\n\n<p>Limpieza y mantenimiento con atenci\u00f3n a la est\u00e9tica y profesionalismo que demanda el sector.<\/p>\n\n\n\n\n<p>Servicios especializados para entornos de alta exigencia, asegurando operatividad y cumplimiento ambiental.<\/p>\n\n\n\n\n\n","protected":false},"excerpt":{"rendered":"","protected":false},"author":1,"featured_media":0,"parent":0,"menu_order":0,"comment_status":"closed","ping_status":"closed","template":"","meta":{"pagelayer_contact_templates":[],"_pagelayer_content":"","footnotes":""},"class_list":["post-29","page","type-page","status-publish","hentry"],"yoast_head":"<!-- This site is optimized with the Yoast SEO plugin v27.4 - https:\/\/yoast.com\/product\/yoast-seo-wordpress\/ -->\n<title>Servicios - Perlaseo<\/title>\n<meta name=\"robots\" content=\"index, follow, max-snippet:-1, max-image-preview:large, max-video-preview:-1\" \/>\n<link rel=\"canonical\" href=\"https:\/\/www.perlaseo.com\/inicio\/services\/\" \/>\n<meta property=\"og:locale\" content=\"es_ES\" \/>\n<meta property=\"og:type\" content=\"article\" \/>\n<meta property=\"og:title\" content=\"Servicios - Perlaseo\" \/>\n<meta property=\"og:url\" content=\"https:\/\/www.perlaseo.com\/inicio\/services\/\" \/>\n<meta property=\"og:site_name\" content=\"Perlaseo\" \/>\n<meta property=\"article:modified_time\" content=\"2025-01-14T19:40:47+00:00\" \/>\n<meta name=\"twitter:card\" content=\"summary_large_image\" \/>\n<meta name=\"twitter:label1\" content=\"Tiempo de lectura\" \/>\n\t<meta name=\"twitter:data1\" content=\"3 minutos\" \/>\n<script type=\"application\/ld+json\" class=\"yoast-schema-graph\">{\"@context\":\"https:\\\/\\\/schema.org\",\"@graph\":[{\"@type\":\"WebPage\",\"@id\":\"https:\\\/\\\/www.perlaseo.com\\\/inicio\\\/services\\\/\",\"url\":\"https:\\\/\\\/www.perlaseo.com\\\/inicio\\\/services\\\/\",\"name\":\"Servicios - Perlaseo\",\"isPartOf\":{\"@id\":\"https:\\\/\\\/www.perlaseo.com\\\/inicio\\\/#website\"},\"datePublished\":\"2024-12-24T15:30:30+00:00\",\"dateModified\":\"2025-01-14T19:40:47+00:00\",\"breadcrumb\":{\"@id\":\"https:\\\/\\\/www.perlaseo.com\\\/inicio\\\/services\\\/#breadcrumb\"},\"inLanguage\":\"es\",\"potentialAction\":[{\"@type\":\"ReadAction\",\"target\":[\"https:\\\/\\\/www.perlaseo.com\\\/inicio\\\/services\\\/\"]}]},{\"@type\":\"BreadcrumbList\",\"@id\":\"https:\\\/\\\/www.perlaseo.com\\\/inicio\\\/services\\\/#breadcrumb\",\"itemListElement\":[{\"@type\":\"ListItem\",\"position\":1,\"name\":\"Portada\",\"item\":\"https:\\\/\\\/www.perlaseo.com\\\/inicio\\\/\"},{\"@type\":\"ListItem\",\"position\":2,\"name\":\"Servicios\"}]},{\"@type\":\"WebSite\",\"@id\":\"https:\\\/\\\/www.perlaseo.com\\\/inicio\\\/#website\",\"url\":\"https:\\\/\\\/www.perlaseo.com\\\/inicio\\\/\",\"name\":\"Perlaseo\",\"description\":\"Su aliado estrategico\",\"publisher\":{\"@id\":\"https:\\\/\\\/www.perlaseo.com\\\/inicio\\\/#organization\"},\"potentialAction\":[{\"@type\":\"SearchAction\",\"target\":{\"@type\":\"EntryPoint\",\"urlTemplate\":\"https:\\\/\\\/www.perlaseo.com\\\/inicio\\\/?s={search_term_string}\"},\"query-input\":{\"@type\":\"PropertyValueSpecification\",\"valueRequired\":true,\"valueName\":\"search_term_string\"}}],\"inLanguage\":\"es\"},{\"@type\":\"Organization\",\"@id\":\"https:\\\/\\\/www.perlaseo.com\\\/inicio\\\/#organization\",\"name\":\"Perlaseo\",\"url\":\"https:\\\/\\\/www.perlaseo.com\\\/inicio\\\/\",\"logo\":{\"@type\":\"ImageObject\",\"inLanguage\":\"es\",\"@id\":\"https:\\\/\\\/www.perlaseo.com\\\/inicio\\\/#\\\/schema\\\/logo\\\/image\\\/\",\"url\":\"https:\\\/\\\/www.perlaseo.com\\\/wp-content\\\/uploads\\\/2024\\\/12\\\/cropped-icono-sin-fondo.png\",\"contentUrl\":\"https:\\\/\\\/www.perlaseo.com\\\/wp-content\\\/uploads\\\/2024\\\/12\\\/cropped-icono-sin-fondo.png\",\"width\":512,\"height\":512,\"caption\":\"Perlaseo\"},\"image\":{\"@id\":\"https:\\\/\\\/www.perlaseo.com\\\/inicio\\\/#\\\/schema\\\/logo\\\/image\\\/\"}}]}<\/script>\n<!-- \/ Yoast SEO plugin. -->","yoast_head_json":{"title":"Servicios - Perlaseo","robots":{"index":"index","follow":"follow","max-snippet":"max-snippet:-1","max-image-preview":"max-image-preview:large","max-video-preview":"max-video-preview:-1"},"canonical":"https:\/\/www.perlaseo.com\/inicio\/services\/","og_locale":"es_ES","og_type":"article","og_title":"Servicios - Perlaseo","og_url":"https:\/\/www.perlaseo.com\/inicio\/services\/","og_site_name":"Perlaseo","article_modified_time":"2025-01-14T19:40:47+00:00","twitter_card":"summary_large_image","twitter_misc":{"Tiempo de lectura":"3 minutos"},"schema":{"@context":"https:\/\/schema.org","@graph":[{"@type":"WebPage","@id":"https:\/\/www.perlaseo.com\/inicio\/services\/","url":"https:\/\/www.perlaseo.com\/inicio\/services\/","name":"Servicios - Perlaseo","isPartOf":{"@id":"https:\/\/www.perlaseo.com\/inicio\/#website"},"datePublished":"2024-12-24T15:30:30+00:00","dateModified":"2025-01-14T19:40:47+00:00","breadcrumb":{"@id":"https:\/\/www.perlaseo.com\/inicio\/services\/#breadcrumb"},"inLanguage":"es","potentialAction":[{"@type":"ReadAction","target":["https:\/\/www.perlaseo.com\/inicio\/services\/"]}]},{"@type":"BreadcrumbList","@id":"https:\/\/www.perlaseo.com\/inicio\/services\/#breadcrumb","itemListElement":[{"@type":"ListItem","position":1,"name":"Portada","item":"https:\/\/www.perlaseo.com\/inicio\/"},{"@type":"ListItem","position":2,"name":"Servicios"}]},{"@type":"WebSite","@id":"https:\/\/www.perlaseo.com\/inicio\/#website","url":"https:\/\/www.perlaseo.com\/inicio\/","name":"Perlaseo","description":"Su aliado estrategico","publisher":{"@id":"https:\/\/www.perlaseo.com\/inicio\/#organization"},"potentialAction":[{"@type":"SearchAction","target":{"@type":"EntryPoint","urlTemplate":"https:\/\/www.perlaseo.com\/inicio\/?s={search_term_string}"},"query-input":{"@type":"PropertyValueSpecification","valueRequired":true,"valueName":"search_term_string"}}],"inLanguage":"es"},{"@type":"Organization","@id":"https:\/\/www.perlaseo.com\/inicio\/#organization","name":"Perlaseo","url":"https:\/\/www.perlaseo.com\/inicio\/","logo":{"@type":"ImageObject","inLanguage":"es","@id":"https:\/\/www.perlaseo.com\/inicio\/#\/schema\/logo\/image\/","url":"https:\/\/www.perlaseo.com\/wp-content\/uploads\/2024\/12\/cropped-icono-sin-fondo.png","contentUrl":"https:\/\/www.perlaseo.com\/wp-content\/uploads\/2024\/12\/cropped-icono-sin-fondo.png","width":512,"height":512,"caption":"Perlaseo"},"image":{"@id":"https:\/\/www.perlaseo.com\/inicio\/#\/schema\/logo\/image\/"}}]}},"_links":{"self":[{"href":"https:\/\/www.perlaseo.com\/inicio\/wp-json\/wp\/v2\/pages\/29","targetHints":{"allow":["GET"]}}],"collection":[{"href":"https:\/\/www.perlaseo.com\/inicio\/wp-json\/wp\/v2\/pages"}],"about":[{"href":"https:\/\/www.perlaseo.com\/inicio\/wp-json\/wp\/v2\/types\/page"}],"author":[{"embeddable":true,"href":"https:\/\/www.perlaseo.com\/inicio\/wp-json\/wp\/v2\/users\/1"}],"replies":[{"embeddable":true,"href":"https:\/\/www.perlaseo.com\/inicio\/wp-json\/wp\/v2\/comments?post=29"}],"version-history":[{"count":54,"href":"https:\/\/www.perlaseo.com\/inicio\/wp-json\/wp\/v2\/pages\/29\/revisions"}],"predecessor-version":[{"id":432,"href":"https:\/\/www.perlaseo.com\/inicio\/wp-json\/wp\/v2\/pages\/29\/revisions\/432"}],"wp:attachment":[{"href":"https:\/\/www.perlaseo.com\/inicio\/wp-json\/wp\/v2\/media?parent=29"}],"curies":[{"name":"wp","href":"https:\/\/api.w.org\/{rel}","templated":true}]}}