{"id":254,"date":"2024-12-27T20:34:47","date_gmt":"2024-12-27T20:34:47","guid":{"rendered":"https:\/\/www.perlaseo.com\/?page_id=254"},"modified":"2024-12-28T22:20:49","modified_gmt":"2024-12-28T22:20:49","slug":"quienes-somos","status":"publish","type":"page","link":"https:\/\/www.perlaseo.com\/inicio\/quienes-somos\/","title":{"rendered":"Qui\u00e9nes somos"},"content":{"rendered":"\n\n\n\n<h2>Nosotros<\/h2>\n\n\n\n\n\n\n\n\n\n\n\n<h2>Un poco de Historia<\/h2>\n\n\n<p>Perlaseo S.A.S, empresa creada en el a\u00f1o 2016 en la ciudad de Pereira por un equipo de profesionales pensando en ofrecer un servicio integral a los distintos sectores econ\u00f3micos, con el fin de generar ambientes agradables suministrando el personal integral e id\u00f3neo en cada una de sus \u00e1reas, facilitando a nuestros clientes el personal calificado<\/p>\n\n\n\n<p>Lorem Ipsum has been the industry&#8217;s standard dummy text ever since the 1500s.<\/p>\n\n\n\n\n\n\n\n\n\nPrestar\nlos servicios integrales de aseo, cafeter\u00eda, mantenimiento b\u00e1sico de \u00e1reas\ncomunes y paisajismo, de una manera eficiente, generando ambientes agradables con\nsentido de responsabilidad ambiental, seguridad y salud en el trabajo, con el\napoyo de un recurso humano\nintegral, garantizando la satisfacci\u00f3n de nuestros clientes y usuarios.\n<div><br><\/div>\n\n\nSe posicionar\u00e1\ncomo empresa l\u00edder en el Eje Cafetero en la prestaci\u00f3n de los servicios\nintegrales de aseo, cafeter\u00eda, mantenimiento\nb\u00e1sico de \u00e1reas comunes y paisajismo,\ncon cubrimientos en todos los sectores econ\u00f3micos, proporcionando soluciones al\nalcance, destac\u00e1ndonos por la confiabilidad y eficiencia en nuestros servicios.\n<div><br><\/div>\n\n\n\n\n\n\n\n\n\n\n\n<h2>pol\u00edtica de seguridad y salud en el trabajo<\/h2>\n<p><span lang=\"ES\" style=\"font-size:\n12.0pt;line-height:107%;font-family:&quot;Arial&quot;,sans-serif;mso-ansi-language:ES\">Mediante el Sistema de Seguridad y Salud en el Trabajo realiza una adecuada evaluaci\u00f3n de los factores de riesgo presentes en los servicios que ofrecemos a nuestros clientes, con el fin de ser proveedores competitivos y capaces de garantizar la confiabilidad de nuestros procesos.&lt;br&gt;Para la empresa y sus trabajadores el Sistema de Gesti\u00f3n de Seguridad y Salud en el Trabajo, consiste en el desarrollo de un proceso l\u00f3gico y por etapas, basado en la mejora continua con el objetivo de anticipar, reconocer, evaluar y controlar los riesgos que puedan afectar la seguridad, la salud individual y colectiva de los trabajadores de PERLASEO S.A.S.<\/span><\/p>\n\n\n\n\n\n<h2>pol\u00edtica de alcohol tabaco y drogas<\/h2>\n<p><span lang=\"ES\" style=\"font-size:\n12.0pt;line-height:107%;font-family:&quot;Arial&quot;,sans-serif;mso-ansi-language:ES\">El&nbsp;consumo de tabaco es da\u00f1ino para la salud, no solamente para quien lo consume&nbsp;sino tambi\u00e9n para quienes inhalan el aire contaminado. Por consiguiente,&nbsp;basados en el \u201cDerecho a la Salud\u201d y a respirar un aire limpio, se determina&nbsp;que el derecho del fumador a fumar, no debe afectar a las dem\u00e1s personas que lo&nbsp;rodean. Basado en lo anteriormente expuesto PERLASEO S.A.S. proh\u00edbe a sus&nbsp;empleados durante la jornada de trabajo el consumo de tabaco en todas sus&nbsp;modalidades, (Cigarrillo, tabaco, pipa, etc.), al interior de la empresa, y\/o&nbsp;en los sitios donde cada empleado preste sus servicios.<\/span><\/p>\n\n\n\n\n\n\n\n","protected":false},"excerpt":{"rendered":"","protected":false},"author":1,"featured_media":0,"parent":0,"menu_order":0,"comment_status":"closed","ping_status":"closed","template":"","meta":{"pagelayer_contact_templates":[],"_pagelayer_content":"","footnotes":""},"class_list":["post-254","page","type-page","status-publish","hentry"],"yoast_head":"<!-- This site is optimized with the Yoast SEO plugin v27.4 - https:\/\/yoast.com\/product\/yoast-seo-wordpress\/ -->\n<title>Qui\u00e9nes somos - Perlaseo<\/title>\n<meta name=\"robots\" content=\"index, follow, max-snippet:-1, max-image-preview:large, max-video-preview:-1\" \/>\n<link rel=\"canonical\" href=\"https:\/\/www.perlaseo.com\/inicio\/quienes-somos\/\" \/>\n<meta property=\"og:locale\" content=\"es_ES\" \/>\n<meta property=\"og:type\" content=\"article\" \/>\n<meta property=\"og:title\" content=\"Qui\u00e9nes somos - Perlaseo\" \/>\n<meta property=\"og:url\" content=\"https:\/\/www.perlaseo.com\/inicio\/quienes-somos\/\" \/>\n<meta property=\"og:site_name\" content=\"Perlaseo\" \/>\n<meta property=\"article:modified_time\" content=\"2024-12-28T22:20:49+00:00\" \/>\n<meta name=\"twitter:card\" content=\"summary_large_image\" \/>\n<meta name=\"twitter:label1\" content=\"Tiempo de lectura\" \/>\n\t<meta name=\"twitter:data1\" content=\"2 minutos\" \/>\n<script type=\"application\/ld+json\" class=\"yoast-schema-graph\">{\"@context\":\"https:\\\/\\\/schema.org\",\"@graph\":[{\"@type\":\"WebPage\",\"@id\":\"https:\\\/\\\/www.perlaseo.com\\\/inicio\\\/quienes-somos\\\/\",\"url\":\"https:\\\/\\\/www.perlaseo.com\\\/inicio\\\/quienes-somos\\\/\",\"name\":\"Qui\u00e9nes somos - Perlaseo\",\"isPartOf\":{\"@id\":\"https:\\\/\\\/www.perlaseo.com\\\/inicio\\\/#website\"},\"datePublished\":\"2024-12-27T20:34:47+00:00\",\"dateModified\":\"2024-12-28T22:20:49+00:00\",\"breadcrumb\":{\"@id\":\"https:\\\/\\\/www.perlaseo.com\\\/inicio\\\/quienes-somos\\\/#breadcrumb\"},\"inLanguage\":\"es\",\"potentialAction\":[{\"@type\":\"ReadAction\",\"target\":[\"https:\\\/\\\/www.perlaseo.com\\\/inicio\\\/quienes-somos\\\/\"]}]},{\"@type\":\"BreadcrumbList\",\"@id\":\"https:\\\/\\\/www.perlaseo.com\\\/inicio\\\/quienes-somos\\\/#breadcrumb\",\"itemListElement\":[{\"@type\":\"ListItem\",\"position\":1,\"name\":\"Portada\",\"item\":\"https:\\\/\\\/www.perlaseo.com\\\/inicio\\\/\"},{\"@type\":\"ListItem\",\"position\":2,\"name\":\"Qui\u00e9nes somos\"}]},{\"@type\":\"WebSite\",\"@id\":\"https:\\\/\\\/www.perlaseo.com\\\/inicio\\\/#website\",\"url\":\"https:\\\/\\\/www.perlaseo.com\\\/inicio\\\/\",\"name\":\"Perlaseo\",\"description\":\"Su aliado estrategico\",\"publisher\":{\"@id\":\"https:\\\/\\\/www.perlaseo.com\\\/inicio\\\/#organization\"},\"potentialAction\":[{\"@type\":\"SearchAction\",\"target\":{\"@type\":\"EntryPoint\",\"urlTemplate\":\"https:\\\/\\\/www.perlaseo.com\\\/inicio\\\/?s={search_term_string}\"},\"query-input\":{\"@type\":\"PropertyValueSpecification\",\"valueRequired\":true,\"valueName\":\"search_term_string\"}}],\"inLanguage\":\"es\"},{\"@type\":\"Organization\",\"@id\":\"https:\\\/\\\/www.perlaseo.com\\\/inicio\\\/#organization\",\"name\":\"Perlaseo\",\"url\":\"https:\\\/\\\/www.perlaseo.com\\\/inicio\\\/\",\"logo\":{\"@type\":\"ImageObject\",\"inLanguage\":\"es\",\"@id\":\"https:\\\/\\\/www.perlaseo.com\\\/inicio\\\/#\\\/schema\\\/logo\\\/image\\\/\",\"url\":\"https:\\\/\\\/www.perlaseo.com\\\/wp-content\\\/uploads\\\/2024\\\/12\\\/cropped-icono-sin-fondo.png\",\"contentUrl\":\"https:\\\/\\\/www.perlaseo.com\\\/wp-content\\\/uploads\\\/2024\\\/12\\\/cropped-icono-sin-fondo.png\",\"width\":512,\"height\":512,\"caption\":\"Perlaseo\"},\"image\":{\"@id\":\"https:\\\/\\\/www.perlaseo.com\\\/inicio\\\/#\\\/schema\\\/logo\\\/image\\\/\"}}]}<\/script>\n<!-- \/ Yoast SEO plugin. -->","yoast_head_json":{"title":"Qui\u00e9nes somos - Perlaseo","robots":{"index":"index","follow":"follow","max-snippet":"max-snippet:-1","max-image-preview":"max-image-preview:large","max-video-preview":"max-video-preview:-1"},"canonical":"https:\/\/www.perlaseo.com\/inicio\/quienes-somos\/","og_locale":"es_ES","og_type":"article","og_title":"Qui\u00e9nes somos - Perlaseo","og_url":"https:\/\/www.perlaseo.com\/inicio\/quienes-somos\/","og_site_name":"Perlaseo","article_modified_time":"2024-12-28T22:20:49+00:00","twitter_card":"summary_large_image","twitter_misc":{"Tiempo de lectura":"2 minutos"},"schema":{"@context":"https:\/\/schema.org","@graph":[{"@type":"WebPage","@id":"https:\/\/www.perlaseo.com\/inicio\/quienes-somos\/","url":"https:\/\/www.perlaseo.com\/inicio\/quienes-somos\/","name":"Qui\u00e9nes somos - Perlaseo","isPartOf":{"@id":"https:\/\/www.perlaseo.com\/inicio\/#website"},"datePublished":"2024-12-27T20:34:47+00:00","dateModified":"2024-12-28T22:20:49+00:00","breadcrumb":{"@id":"https:\/\/www.perlaseo.com\/inicio\/quienes-somos\/#breadcrumb"},"inLanguage":"es","potentialAction":[{"@type":"ReadAction","target":["https:\/\/www.perlaseo.com\/inicio\/quienes-somos\/"]}]},{"@type":"BreadcrumbList","@id":"https:\/\/www.perlaseo.com\/inicio\/quienes-somos\/#breadcrumb","itemListElement":[{"@type":"ListItem","position":1,"name":"Portada","item":"https:\/\/www.perlaseo.com\/inicio\/"},{"@type":"ListItem","position":2,"name":"Qui\u00e9nes somos"}]},{"@type":"WebSite","@id":"https:\/\/www.perlaseo.com\/inicio\/#website","url":"https:\/\/www.perlaseo.com\/inicio\/","name":"Perlaseo","description":"Su aliado estrategico","publisher":{"@id":"https:\/\/www.perlaseo.com\/inicio\/#organization"},"potentialAction":[{"@type":"SearchAction","target":{"@type":"EntryPoint","urlTemplate":"https:\/\/www.perlaseo.com\/inicio\/?s={search_term_string}"},"query-input":{"@type":"PropertyValueSpecification","valueRequired":true,"valueName":"search_term_string"}}],"inLanguage":"es"},{"@type":"Organization","@id":"https:\/\/www.perlaseo.com\/inicio\/#organization","name":"Perlaseo","url":"https:\/\/www.perlaseo.com\/inicio\/","logo":{"@type":"ImageObject","inLanguage":"es","@id":"https:\/\/www.perlaseo.com\/inicio\/#\/schema\/logo\/image\/","url":"https:\/\/www.perlaseo.com\/wp-content\/uploads\/2024\/12\/cropped-icono-sin-fondo.png","contentUrl":"https:\/\/www.perlaseo.com\/wp-content\/uploads\/2024\/12\/cropped-icono-sin-fondo.png","width":512,"height":512,"caption":"Perlaseo"},"image":{"@id":"https:\/\/www.perlaseo.com\/inicio\/#\/schema\/logo\/image\/"}}]}},"_links":{"self":[{"href":"https:\/\/www.perlaseo.com\/inicio\/wp-json\/wp\/v2\/pages\/254","targetHints":{"allow":["GET"]}}],"collection":[{"href":"https:\/\/www.perlaseo.com\/inicio\/wp-json\/wp\/v2\/pages"}],"about":[{"href":"https:\/\/www.perlaseo.com\/inicio\/wp-json\/wp\/v2\/types\/page"}],"author":[{"embeddable":true,"href":"https:\/\/www.perlaseo.com\/inicio\/wp-json\/wp\/v2\/users\/1"}],"replies":[{"embeddable":true,"href":"https:\/\/www.perlaseo.com\/inicio\/wp-json\/wp\/v2\/comments?post=254"}],"version-history":[{"count":23,"href":"https:\/\/www.perlaseo.com\/inicio\/wp-json\/wp\/v2\/pages\/254\/revisions"}],"predecessor-version":[{"id":373,"href":"https:\/\/www.perlaseo.com\/inicio\/wp-json\/wp\/v2\/pages\/254\/revisions\/373"}],"wp:attachment":[{"href":"https:\/\/www.perlaseo.com\/inicio\/wp-json\/wp\/v2\/media?parent=254"}],"curies":[{"name":"wp","href":"https:\/\/api.w.org\/{rel}","templated":true}]}}