{"id":243,"date":"2024-12-27T16:31:37","date_gmt":"2024-12-27T16:31:37","guid":{"rendered":"https:\/\/www.perlaseo.com\/?page_id=243"},"modified":"2025-07-01T16:44:40","modified_gmt":"2025-07-01T16:44:40","slug":"inicio","status":"publish","type":"page","link":"https:\/\/www.perlaseo.com\/inicio\/","title":{"rendered":"Inicio"},"content":{"rendered":"\n\n\n\n\n\n\n\n\n\n\n\n\n<h3>\u00bfNecesitas un aliado estrat\u00e9gico?\u200b<\/h3>\n\n<div>Estamos listos para atender tus necesidades con soluciones personalizadas y efectivas. Perm\u00edtenos ser tu aliado en la limpieza, mantenimiento y mejora de tus espacios.<\/div>\n\n\n\n\n\n<p>Lorem Ipsum has been the industry&#8217;s standard dummy text ever since the 1500s.<\/p>\n\n\n\n\n\n\n\n\n\n\n\n\n\n<h3 [object NamedNodeMap]>\u00a1Personal id\u00f3neo y capacitado\u200b!<\/h3>\n\n<div>Contamos con un equipo de profesionales altamente capacitados para garantizar la excelencia en la prestaci\u00f3n de todos nuestros servicios. Nuestro personal es seleccionado rigurosamente, entrenado en las mejores pr\u00e1cticas del sector y comprometido con la satisfacci\u00f3n del cliente. Adem\u00e1s, trabajamos bajo estrictos est\u00e1ndares de calidad, seguridad y cumplimiento normativo, asegurando resultados \u00f3ptimos en cada proyecto.<\/div>\n\n\n\n\n","protected":false},"excerpt":{"rendered":"","protected":false},"author":1,"featured_media":0,"parent":0,"menu_order":0,"comment_status":"closed","ping_status":"closed","template":"","meta":{"pagelayer_contact_templates":[],"_pagelayer_content":"","footnotes":""},"class_list":["post-243","page","type-page","status-publish","hentry"],"yoast_head":"<!-- This site is optimized with the Yoast SEO plugin v27.4 - https:\/\/yoast.com\/product\/yoast-seo-wordpress\/ -->\n<title>Inicio - Perlaseo<\/title>\n<meta name=\"robots\" content=\"index, follow, max-snippet:-1, max-image-preview:large, max-video-preview:-1\" \/>\n<link rel=\"canonical\" href=\"https:\/\/www.perlaseo.com\/inicio\/\" \/>\n<meta property=\"og:locale\" content=\"es_ES\" \/>\n<meta property=\"og:type\" content=\"article\" \/>\n<meta property=\"og:title\" content=\"Inicio - Perlaseo\" \/>\n<meta property=\"og:url\" content=\"https:\/\/www.perlaseo.com\/inicio\/\" \/>\n<meta property=\"og:site_name\" content=\"Perlaseo\" \/>\n<meta property=\"article:modified_time\" content=\"2025-07-01T16:44:40+00:00\" \/>\n<meta name=\"twitter:card\" content=\"summary_large_image\" \/>\n<meta name=\"twitter:label1\" content=\"Tiempo de lectura\" \/>\n\t<meta name=\"twitter:data1\" content=\"1 minuto\" \/>\n<script type=\"application\/ld+json\" class=\"yoast-schema-graph\">{\"@context\":\"https:\\\/\\\/schema.org\",\"@graph\":[{\"@type\":\"WebPage\",\"@id\":\"https:\\\/\\\/www.perlaseo.com\\\/inicio\\\/\",\"url\":\"https:\\\/\\\/www.perlaseo.com\\\/inicio\\\/\",\"name\":\"Inicio - Perlaseo\",\"isPartOf\":{\"@id\":\"https:\\\/\\\/www.perlaseo.com\\\/inicio\\\/#website\"},\"datePublished\":\"2024-12-27T16:31:37+00:00\",\"dateModified\":\"2025-07-01T16:44:40+00:00\",\"breadcrumb\":{\"@id\":\"https:\\\/\\\/www.perlaseo.com\\\/inicio\\\/#breadcrumb\"},\"inLanguage\":\"es\",\"potentialAction\":[{\"@type\":\"ReadAction\",\"target\":[\"https:\\\/\\\/www.perlaseo.com\\\/inicio\\\/\"]}]},{\"@type\":\"BreadcrumbList\",\"@id\":\"https:\\\/\\\/www.perlaseo.com\\\/inicio\\\/#breadcrumb\",\"itemListElement\":[{\"@type\":\"ListItem\",\"position\":1,\"name\":\"Portada\",\"item\":\"https:\\\/\\\/www.perlaseo.com\\\/inicio\\\/\"},{\"@type\":\"ListItem\",\"position\":2,\"name\":\"Inicio\"}]},{\"@type\":\"WebSite\",\"@id\":\"https:\\\/\\\/www.perlaseo.com\\\/inicio\\\/#website\",\"url\":\"https:\\\/\\\/www.perlaseo.com\\\/inicio\\\/\",\"name\":\"Perlaseo\",\"description\":\"Su aliado estrategico\",\"publisher\":{\"@id\":\"https:\\\/\\\/www.perlaseo.com\\\/inicio\\\/#organization\"},\"potentialAction\":[{\"@type\":\"SearchAction\",\"target\":{\"@type\":\"EntryPoint\",\"urlTemplate\":\"https:\\\/\\\/www.perlaseo.com\\\/inicio\\\/?s={search_term_string}\"},\"query-input\":{\"@type\":\"PropertyValueSpecification\",\"valueRequired\":true,\"valueName\":\"search_term_string\"}}],\"inLanguage\":\"es\"},{\"@type\":\"Organization\",\"@id\":\"https:\\\/\\\/www.perlaseo.com\\\/inicio\\\/#organization\",\"name\":\"Perlaseo\",\"url\":\"https:\\\/\\\/www.perlaseo.com\\\/inicio\\\/\",\"logo\":{\"@type\":\"ImageObject\",\"inLanguage\":\"es\",\"@id\":\"https:\\\/\\\/www.perlaseo.com\\\/inicio\\\/#\\\/schema\\\/logo\\\/image\\\/\",\"url\":\"https:\\\/\\\/www.perlaseo.com\\\/wp-content\\\/uploads\\\/2024\\\/12\\\/cropped-icono-sin-fondo.png\",\"contentUrl\":\"https:\\\/\\\/www.perlaseo.com\\\/wp-content\\\/uploads\\\/2024\\\/12\\\/cropped-icono-sin-fondo.png\",\"width\":512,\"height\":512,\"caption\":\"Perlaseo\"},\"image\":{\"@id\":\"https:\\\/\\\/www.perlaseo.com\\\/inicio\\\/#\\\/schema\\\/logo\\\/image\\\/\"}}]}<\/script>\n<!-- \/ Yoast SEO plugin. -->","yoast_head_json":{"title":"Inicio - Perlaseo","robots":{"index":"index","follow":"follow","max-snippet":"max-snippet:-1","max-image-preview":"max-image-preview:large","max-video-preview":"max-video-preview:-1"},"canonical":"https:\/\/www.perlaseo.com\/inicio\/","og_locale":"es_ES","og_type":"article","og_title":"Inicio - Perlaseo","og_url":"https:\/\/www.perlaseo.com\/inicio\/","og_site_name":"Perlaseo","article_modified_time":"2025-07-01T16:44:40+00:00","twitter_card":"summary_large_image","twitter_misc":{"Tiempo de lectura":"1 minuto"},"schema":{"@context":"https:\/\/schema.org","@graph":[{"@type":"WebPage","@id":"https:\/\/www.perlaseo.com\/inicio\/","url":"https:\/\/www.perlaseo.com\/inicio\/","name":"Inicio - Perlaseo","isPartOf":{"@id":"https:\/\/www.perlaseo.com\/inicio\/#website"},"datePublished":"2024-12-27T16:31:37+00:00","dateModified":"2025-07-01T16:44:40+00:00","breadcrumb":{"@id":"https:\/\/www.perlaseo.com\/inicio\/#breadcrumb"},"inLanguage":"es","potentialAction":[{"@type":"ReadAction","target":["https:\/\/www.perlaseo.com\/inicio\/"]}]},{"@type":"BreadcrumbList","@id":"https:\/\/www.perlaseo.com\/inicio\/#breadcrumb","itemListElement":[{"@type":"ListItem","position":1,"name":"Portada","item":"https:\/\/www.perlaseo.com\/inicio\/"},{"@type":"ListItem","position":2,"name":"Inicio"}]},{"@type":"WebSite","@id":"https:\/\/www.perlaseo.com\/inicio\/#website","url":"https:\/\/www.perlaseo.com\/inicio\/","name":"Perlaseo","description":"Su aliado estrategico","publisher":{"@id":"https:\/\/www.perlaseo.com\/inicio\/#organization"},"potentialAction":[{"@type":"SearchAction","target":{"@type":"EntryPoint","urlTemplate":"https:\/\/www.perlaseo.com\/inicio\/?s={search_term_string}"},"query-input":{"@type":"PropertyValueSpecification","valueRequired":true,"valueName":"search_term_string"}}],"inLanguage":"es"},{"@type":"Organization","@id":"https:\/\/www.perlaseo.com\/inicio\/#organization","name":"Perlaseo","url":"https:\/\/www.perlaseo.com\/inicio\/","logo":{"@type":"ImageObject","inLanguage":"es","@id":"https:\/\/www.perlaseo.com\/inicio\/#\/schema\/logo\/image\/","url":"https:\/\/www.perlaseo.com\/wp-content\/uploads\/2024\/12\/cropped-icono-sin-fondo.png","contentUrl":"https:\/\/www.perlaseo.com\/wp-content\/uploads\/2024\/12\/cropped-icono-sin-fondo.png","width":512,"height":512,"caption":"Perlaseo"},"image":{"@id":"https:\/\/www.perlaseo.com\/inicio\/#\/schema\/logo\/image\/"}}]}},"_links":{"self":[{"href":"https:\/\/www.perlaseo.com\/inicio\/wp-json\/wp\/v2\/pages\/243","targetHints":{"allow":["GET"]}}],"collection":[{"href":"https:\/\/www.perlaseo.com\/inicio\/wp-json\/wp\/v2\/pages"}],"about":[{"href":"https:\/\/www.perlaseo.com\/inicio\/wp-json\/wp\/v2\/types\/page"}],"author":[{"embeddable":true,"href":"https:\/\/www.perlaseo.com\/inicio\/wp-json\/wp\/v2\/users\/1"}],"replies":[{"embeddable":true,"href":"https:\/\/www.perlaseo.com\/inicio\/wp-json\/wp\/v2\/comments?post=243"}],"version-history":[{"count":41,"href":"https:\/\/www.perlaseo.com\/inicio\/wp-json\/wp\/v2\/pages\/243\/revisions"}],"predecessor-version":[{"id":454,"href":"https:\/\/www.perlaseo.com\/inicio\/wp-json\/wp\/v2\/pages\/243\/revisions\/454"}],"wp:attachment":[{"href":"https:\/\/www.perlaseo.com\/inicio\/wp-json\/wp\/v2\/media?parent=243"}],"curies":[{"name":"wp","href":"https:\/\/api.w.org\/{rel}","templated":true}]}}